{"id":22018,"date":"2024-11-20T07:25:02","date_gmt":"2024-11-20T06:25:02","guid":{"rendered":"http:\/\/extestat.es\/pruebas\/?page_id=22018"},"modified":"2024-11-20T07:32:52","modified_gmt":"2024-11-20T06:32:52","slug":"alberto-sanchez-suarez","status":"publish","type":"page","link":"http:\/\/extestat.es\/pruebas\/proyecto\/equipo-humano\/alberto-sanchez-suarez\/","title":{"rendered":"Alberto S\u00e1nchez Su\u00e1rez"},"content":{"rendered":"<p style=\"margin-top:20px;\"><img decoding=\"async\" class=\"equipo-single\" src=\"http:\/\/extestat.es\/pruebas\/wp-content\/uploads\/equipo_a-sanchez.jpg\" alt=\"Alberto S\u00e1nchez Su\u00e1rez\"><strong>Alberto S\u00e1nchez Su\u00e1rez<\/strong> (Murcia, 1997) es el Coordinador de la C\u00e1tedra de Econom\u00eda Social y Cooperativas de la Universidad de Zaragoza desde 2024. En su tiempo en la c\u00e1tedra ha contribuido a numerosos proyectos, como la elaboraci\u00f3n del informe t\u00e9cnico sobre la Ley de Cooperativas de Arag\u00f3n 2024 o la puesta en marcha de ARAESTAT. Graduado en Finanzas y Contabilidad y m\u00e1ster en Sociolog\u00eda de las Pol\u00edticas P\u00fablicas y Sociales, Alberto realiza la tesis doctoral con Carmen Marcuello y Mill\u00e1n D\u00edaz, investigando sobre los intercambios econ\u00f3micos entre entidades de econom\u00eda social y su impacto a nivel de ecosistema.<\/p>\n","protected":false},"excerpt":{"rendered":"<p>Alberto S\u00e1nchez Su\u00e1rez (Murcia, 1997) es el Coordinador de la C\u00e1tedra de Econom\u00eda Social y Cooperativas de la Universidad de Zaragoza desde 2024. En su tiempo en la c\u00e1tedra ha contribuido a numerosos proyectos, como la elaboraci\u00f3n del informe t\u00e9cnico sobre la Ley de Cooperativas de Arag\u00f3n 2024 o la puesta en marcha de ARAESTAT.<\/p>\n","protected":false},"author":5,"featured_media":0,"parent":222,"menu_order":0,"comment_status":"closed","ping_status":"closed","template":"","meta":{"_acf_changed":false,"site-sidebar-layout":"default","site-content-layout":"","ast-site-content-layout":"default","site-content-style":"default","site-sidebar-style":"default","ast-global-header-display":"","ast-banner-title-visibility":"","ast-main-header-display":"","ast-hfb-above-header-display":"","ast-hfb-below-header-display":"","ast-hfb-mobile-header-display":"","site-post-title":"","ast-breadcrumbs-content":"","ast-featured-img":"","footer-sml-layout":"","ast-disable-related-posts":"","theme-transparent-header-meta":"default","adv-header-id-meta":"","stick-header-meta":"","header-above-stick-meta":"","header-main-stick-meta":"","header-below-stick-meta":"","astra-migrate-meta-layouts":"set","ast-page-background-enabled":"default","ast-page-background-meta":{"desktop":{"background-color":"var(--ast-global-color-4)","background-image":"","background-repeat":"repeat","background-position":"center center","background-size":"auto","background-attachment":"scroll","background-type":"","background-media":"","overlay-type":"","overlay-color":"","overlay-opacity":"","overlay-gradient":""},"tablet":{"background-color":"","background-image":"","background-repeat":"repeat","background-position":"center center","background-size":"auto","background-attachment":"scroll","background-type":"","background-media":"","overlay-type":"","overlay-color":"","overlay-opacity":"","overlay-gradient":""},"mobile":{"background-color":"","background-image":"","background-repeat":"repeat","background-position":"center center","background-size":"auto","background-attachment":"scroll","background-type":"","background-media":"","overlay-type":"","overlay-color":"","overlay-opacity":"","overlay-gradient":""}},"ast-content-background-meta":{"desktop":{"background-color":"var(--ast-global-color-5)","background-image":"","background-repeat":"repeat","background-position":"center center","background-size":"auto","background-attachment":"scroll","background-type":"","background-media":"","overlay-type":"","overlay-color":"","overlay-opacity":"","overlay-gradient":""},"tablet":{"background-color":"var(--ast-global-color-5)","background-image":"","background-repeat":"repeat","background-position":"center center","background-size":"auto","background-attachment":"scroll","background-type":"","background-media":"","overlay-type":"","overlay-color":"","overlay-opacity":"","overlay-gradient":""},"mobile":{"background-color":"var(--ast-global-color-5)","background-image":"","background-repeat":"repeat","background-position":"center center","background-size":"auto","background-attachment":"scroll","background-type":"","background-media":"","overlay-type":"","overlay-color":"","overlay-opacity":"","overlay-gradient":""}},"footnotes":""},"class_list":["post-22018","page","type-page","status-publish","hentry"],"acf":[],"_links":{"self":[{"href":"http:\/\/extestat.es\/pruebas\/wp-json\/wp\/v2\/pages\/22018","targetHints":{"allow":["GET"]}}],"collection":[{"href":"http:\/\/extestat.es\/pruebas\/wp-json\/wp\/v2\/pages"}],"about":[{"href":"http:\/\/extestat.es\/pruebas\/wp-json\/wp\/v2\/types\/page"}],"author":[{"embeddable":true,"href":"http:\/\/extestat.es\/pruebas\/wp-json\/wp\/v2\/users\/5"}],"replies":[{"embeddable":true,"href":"http:\/\/extestat.es\/pruebas\/wp-json\/wp\/v2\/comments?post=22018"}],"version-history":[{"count":5,"href":"http:\/\/extestat.es\/pruebas\/wp-json\/wp\/v2\/pages\/22018\/revisions"}],"predecessor-version":[{"id":22023,"href":"http:\/\/extestat.es\/pruebas\/wp-json\/wp\/v2\/pages\/22018\/revisions\/22023"}],"up":[{"embeddable":true,"href":"http:\/\/extestat.es\/pruebas\/wp-json\/wp\/v2\/pages\/222"}],"wp:attachment":[{"href":"http:\/\/extestat.es\/pruebas\/wp-json\/wp\/v2\/media?parent=22018"}],"curies":[{"name":"wp","href":"https:\/\/api.w.org\/{rel}","templated":true}]}}