{"id":219,"date":"2022-09-06T11:42:28","date_gmt":"2022-09-06T09:42:28","guid":{"rendered":"http:\/\/extestat.es\/pruebas\/?page_id=219"},"modified":"2026-04-20T10:00:31","modified_gmt":"2026-04-20T08:00:31","slug":"presentacion","status":"publish","type":"page","link":"https:\/\/extestat.es\/pruebas\/proyecto\/presentacion\/","title":{"rendered":"Presentaci\u00f3n"},"content":{"rendered":"<p>La <strong>C\u00e1tedra de Econom\u00eda Social y Cooperativismo de la Universidad de Extremadura<\/strong> se crea a trav\u00e9s de un convenio entre la <strong>Universidad de Extremadura y la Junta de Extremadura<\/strong>, y resto de patrocinadores, \u00a0el 4 de noviembre de 2024, como una estructura de car\u00e1cter mixto dedicada a la investigaci\u00f3n, formaci\u00f3n y estudio del cooperativismo en sus dimensiones econ\u00f3mica y jur\u00eddica, en los \u00e1mbitos extreme\u00f1o, espa\u00f1ol, europeo e internacional, siendo este el principal centro de estudio de la Econom\u00eda Social en Extremadura.<\/p>\n<p>Desde su creaci\u00f3n, se han desarrollado un conjunto de actividades (organizaci\u00f3n de jornadas, seminarios o congresos) y se ha publicado un amplio n\u00famero de monograf\u00edas, todo ello con un claro compromiso con la sociedad y con la Econom\u00eda Social, particularmente con el \u00e1mbito cooperativista extreme\u00f1o. Su primer director e impulsor del proyecto, el catedr\u00e1tico de universidad D. Ram\u00f3n Sanguino, situ\u00f3 a la C\u00e1tedra en el \u00e1mbito nacional e internacional al asociarla al <strong>Centro Internacional de Investigaci\u00f3n e Informaci\u00f3n sobre la Econom\u00eda P\u00fablica, Social y Cooperativa (CIRIEC-Espa\u00f1a)<\/strong>, de reconocido prestigio nacional e internacional.<\/p>\n<p>El avance hacia la cuantificaci\u00f3n de las familias de la Econom\u00eda Social (ES) de mercado en Extremadura se produjo en el a\u00f1o 2022 con la publicaci\u00f3n del <strong>\u201cLibro Blanco de la Econom\u00eda Social en Extremadura 2022\u201d<\/strong>, cuya informaci\u00f3n cuantitativa y an\u00e1lisis cualitativo se van a actualizar en este portal estad\u00edstico.<\/p>\n<p>La primera aproximaci\u00f3n a la cuantificaci\u00f3n de las entidades de no mercado en Extremadura se produce con la colaboraci\u00f3n de la <strong>C\u00e1tedra de Econom\u00eda Social y Cooperativismo de la Universidad de Extremadura<\/strong> en el <strong>\u201cLibro Blanco de la Econom\u00eda Social en Extremadura 2022\u201d<\/strong>, pero estas entidades no van a ser objeto de revisi\u00f3n en este portal estad\u00edstico, por el momento.<\/p>\n<p>La metodolog\u00eda aplicada en todos los estudios es la de <strong>CIRIEC-Espa\u00f1a<\/strong>, recogida en la web de <strong>CIRIECSTAT<\/strong> y en las publicaciones emanadas a lo largo de todos estos a\u00f1os desde su creaci\u00f3n en 1986, con la que compartimos el concepto de econom\u00eda social. Este concepto se encuentra ampliamente consensuado por diversas instituciones de la Uni\u00f3n Europea, por las organizaciones representativas de cooperativas, mutuas y mutualidades, asociaciones, fundaciones, empresas de base asociativa y entidades singulares, as\u00ed como por la comunidad cient\u00edfica. Se trata de un concepto coincidente con el establecido en Espa\u00f1a en la <strong>Ley 5\/2011, de 29 de marzo, de Econom\u00eda Social<\/strong>, y en la <strong>Ley 9\/2018, de 30 de octubre, de Sociedades Cooperativas de Extremadura<\/strong>, entre otras normas de referencia.<\/p>\n<p>Esta delimitaci\u00f3n de la Econom\u00eda Social a nivel nacional y europeo es la que hace posible afrontar con garant\u00edas de \u00e9xito la implantaci\u00f3n de un sistema de recopilaci\u00f3n y producci\u00f3n de estad\u00edsticas de la Econom\u00eda Social con criterios metodol\u00f3gicos homog\u00e9neos, acordes con el <strong>Sistema Europeo de Cuentas y de Naciones Unidas (SEC-2010 y SCN-2008)<\/strong>, que permitan la elaboraci\u00f3n de an\u00e1lisis comparativos intertemporales, interregionales e internacionales fiables y precisos sobre las empresas y entidades de la Econom\u00eda Social. Este sistema de recopilaci\u00f3n y producci\u00f3n de estad\u00edsticas sobre Econom\u00eda Social no solo es posible, sino tambi\u00e9n necesario para superar el actual nivel de informaci\u00f3n estad\u00edstica existente, caracterizado por ser heterog\u00e9neo, escaso, disperso y discontinuo.<\/p>\n<p>Ese es precisamente el gran objetivo de este portal estad\u00edstico, <strong>EXTESTAT<\/strong>, implantar un sistema de recopilaci\u00f3n y producci\u00f3n de estad\u00edsticas de la Econom\u00eda Social para la Comunidad Aut\u00f3noma de Extremadura, en un repositorio y, posteriormente, en una base de datos que agrupe, depure y publique en un portal \u00fanico, de forma permanente y continuada, y con criterios metodol\u00f3gicos de contabilidad nacional homog\u00e9neos y comparables, las diferentes estad\u00edsticas de la Econom\u00eda Social en Extremadura, complementando as\u00ed el portal estad\u00edstico de la Econom\u00eda Social en Espa\u00f1a, <strong>CIRIECSTAT<\/strong>.<\/p>\n","protected":false},"excerpt":{"rendered":"<p>La C\u00e1tedra de Econom\u00eda Social y Cooperativismo de la Universidad de Extremadura se crea a trav\u00e9s de un convenio entre la Universidad de Extremadura y la Junta de Extremadura, y resto de patrocinadores, \u00a0el 4 de noviembre de 2024, como una estructura de car\u00e1cter mixto dedicada a la investigaci\u00f3n, formaci\u00f3n y estudio del cooperativismo en<\/p>\n","protected":false},"author":5,"featured_media":0,"parent":6,"menu_order":0,"comment_status":"closed","ping_status":"closed","template":"","meta":{"_acf_changed":false,"site-sidebar-layout":"default","site-content-layout":"default","ast-site-content-layout":"default","site-content-style":"default","site-sidebar-style":"default","ast-global-header-display":"","ast-banner-title-visibility":"","ast-main-header-display":"","ast-hfb-above-header-display":"","ast-hfb-below-header-display":"","ast-hfb-mobile-header-display":"","site-post-title":"","ast-breadcrumbs-content":"","ast-featured-img":"","footer-sml-layout":"","ast-disable-related-posts":"","theme-transparent-header-meta":"default","adv-header-id-meta":"","stick-header-meta":"","header-above-stick-meta":"","header-main-stick-meta":"","header-below-stick-meta":"","astra-migrate-meta-layouts":"set","ast-page-background-enabled":"default","ast-page-background-meta":{"desktop":{"background-color":"var(--ast-global-color-4)","background-image":"","background-repeat":"repeat","background-position":"center center","background-size":"auto","background-attachment":"scroll","background-type":"","background-media":"","overlay-type":"","overlay-color":"","overlay-opacity":"","overlay-gradient":""},"tablet":{"background-color":"","background-image":"","background-repeat":"repeat","background-position":"center center","background-size":"auto","background-attachment":"scroll","background-type":"","background-media":"","overlay-type":"","overlay-color":"","overlay-opacity":"","overlay-gradient":""},"mobile":{"background-color":"","background-image":"","background-repeat":"repeat","background-position":"center center","background-size":"auto","background-attachment":"scroll","background-type":"","background-media":"","overlay-type":"","overlay-color":"","overlay-opacity":"","overlay-gradient":""}},"ast-content-background-meta":{"desktop":{"background-color":"var(--ast-global-color-5)","background-image":"","background-repeat":"repeat","background-position":"center center","background-size":"auto","background-attachment":"scroll","background-type":"","background-media":"","overlay-type":"","overlay-color":"","overlay-opacity":"","overlay-gradient":""},"tablet":{"background-color":"var(--ast-global-color-5)","background-image":"","background-repeat":"repeat","background-position":"center center","background-size":"auto","background-attachment":"scroll","background-type":"","background-media":"","overlay-type":"","overlay-color":"","overlay-opacity":"","overlay-gradient":""},"mobile":{"background-color":"var(--ast-global-color-5)","background-image":"","background-repeat":"repeat","background-position":"center center","background-size":"auto","background-attachment":"scroll","background-type":"","background-media":"","overlay-type":"","overlay-color":"","overlay-opacity":"","overlay-gradient":""}},"footnotes":""},"class_list":["post-219","page","type-page","status-publish","hentry"],"acf":[],"_links":{"self":[{"href":"https:\/\/extestat.es\/pruebas\/wp-json\/wp\/v2\/pages\/219","targetHints":{"allow":["GET"]}}],"collection":[{"href":"https:\/\/extestat.es\/pruebas\/wp-json\/wp\/v2\/pages"}],"about":[{"href":"https:\/\/extestat.es\/pruebas\/wp-json\/wp\/v2\/types\/page"}],"author":[{"embeddable":true,"href":"https:\/\/extestat.es\/pruebas\/wp-json\/wp\/v2\/users\/5"}],"replies":[{"embeddable":true,"href":"https:\/\/extestat.es\/pruebas\/wp-json\/wp\/v2\/comments?post=219"}],"version-history":[{"count":22,"href":"https:\/\/extestat.es\/pruebas\/wp-json\/wp\/v2\/pages\/219\/revisions"}],"predecessor-version":[{"id":22102,"href":"https:\/\/extestat.es\/pruebas\/wp-json\/wp\/v2\/pages\/219\/revisions\/22102"}],"up":[{"embeddable":true,"href":"https:\/\/extestat.es\/pruebas\/wp-json\/wp\/v2\/pages\/6"}],"wp:attachment":[{"href":"https:\/\/extestat.es\/pruebas\/wp-json\/wp\/v2\/media?parent=219"}],"curies":[{"name":"wp","href":"https:\/\/api.w.org\/{rel}","templated":true}]}}