{"id":222,"date":"2022-09-06T11:44:17","date_gmt":"2022-09-06T09:44:17","guid":{"rendered":"http:\/\/extestat.es\/pruebas\/?page_id=222"},"modified":"2024-11-29T11:03:35","modified_gmt":"2024-11-29T10:03:35","slug":"equipo-humano","status":"publish","type":"page","link":"https:\/\/extestat.es\/pruebas\/proyecto\/equipo-humano\/","title":{"rendered":"Equipo humano"},"content":{"rendered":"<div id=\"equipo\">\n<h3>Directores<\/h3>\n<div class=\"equipo-miembro\">\n<p><a href=\"https:\/\/janovas.unizar.es\/sideral\/CV\/maria-del-carmen-marcuello-servos\" target=\"blank\"><img decoding=\"async\" src=\"http:\/\/extestat.es\/pruebas\/wp-content\/uploads\/equipo_c-marcuello.jpg\" alt=\"Carmen Marcuello Serv\u00f3s\" \/><\/a><\/p>\n<p class=\"equipo-nombre especial2\"><a href=\"https:\/\/janovas.unizar.es\/sideral\/CV\/maria-del-carmen-marcuello-servos\" target=\"blank\">Carmen Marcuello Serv\u00f3s<\/a><\/p>\n<p class=\"equipo-cargo\">Directora C\u00e1tedra Econom\u00eda Social y Cooperativas. Catedr\u00e1tica, Universidad de Zaragoza<\/p>\n<\/div>\n<div class=\"equipo-miembro\">\n<p><a href=\"https:\/\/janovas.unizar.es\/sideral\/CV\/millan-diaz-foncea\" target=\"blank\"><img decoding=\"async\" src=\"http:\/\/extestat.es\/pruebas\/wp-content\/uploads\/equipo_m-diaz.jpg\" alt=\"Mill\u00e1n D\u00edaz Foncea\" \/><\/a><\/p>\n<p class=\"equipo-nombre\"><a href=\"https:\/\/janovas.unizar.es\/sideral\/CV\/millan-diaz-foncea\" target=\"blank\">Mill\u00e1n D\u00edaz Foncea<\/a><\/p>\n<p class=\"equipo-cargo\">Profesor Titular, Universidad de Zaragoza<\/p>\n<\/div>\n<h3>Consejo Cient\u00edfico y Asesor<\/h3>\n<div class=\"equipo-miembro\">\n<p><a href=\"https:\/\/janovas.unizar.es\/sideral\/CV\/cristina-bernad-morcate\" target=\"blank\"><img decoding=\"async\" src=\"http:\/\/extestat.es\/pruebas\/wp-content\/uploads\/equipo_c-bernad.jpg\" alt=\"Cristina Bernad Morcate\" \/><\/a><\/p>\n<p class=\"equipo-nombre\"><a href=\"https:\/\/janovas.unizar.es\/sideral\/CV\/cristina-bernad-morcate\" target=\"blank\">Cristina Bernad Morcate<\/a><\/p>\n<p class=\"equipo-cargo\">Profesora Contratada Doctor, Universidad de Zaragoza<\/p>\n<\/div>\n<div class=\"equipo-miembro\">\n<p><a href=\"https:\/\/www.linkedin.com\/in\/anablanch\/\" target=\"blank\"><img decoding=\"async\" src=\"http:\/\/extestat.es\/pruebas\/wp-content\/uploads\/equipo_a-blanch.jpg\" alt=\"Ana Blanch\" \/><\/a><\/p>\n<p class=\"equipo-nombre especial\"><a href=\"https:\/\/www.linkedin.com\/in\/anablanch\/\" target=\"blank\">Ana Blanch<\/a><\/p>\n<p class=\"equipo-cargo\">ARACOOP-Federaci\u00f3n de Cooperativas de Trabajo y Consumo de Arag\u00f3n<\/p>\n<\/div>\n<div class=\"equipo-miembro\">\n<p><a href=\"https:\/\/janovas.unizar.es\/sideral\/CV\/natalia-maria-dejo-oricain\" target=\"blank\"><img decoding=\"async\" src=\"http:\/\/extestat.es\/pruebas\/wp-content\/uploads\/equipo_n-dejo.jpg\" alt=\"Natalia Dejo Orca\u00edn\" \/><\/a><\/p>\n<p class=\"equipo-nombre\"><a href=\"https:\/\/janovas.unizar.es\/sideral\/CV\/natalia-maria-dejo-oricain\" target=\"blank\">Natalia Dejo Orica\u00edn<\/a><\/p>\n<p class=\"equipo-cargo\">Profesora Titular, Universidad de Zaragoza<\/p>\n<\/div>\n<div class=\"equipo-miembro\">\n<p><a href=\"https:\/\/janovas.unizar.es\/sideral\/CV\/ana-felicitas-gargallo-castel\" target=\"blank\"><img decoding=\"async\" src=\"http:\/\/extestat.es\/pruebas\/wp-content\/uploads\/equipo_a-gargallo.jpg\" alt=\"Ana F. Gargallo Castel\" \/><\/a><\/p>\n<p class=\"equipo-nombre\"><a href=\"https:\/\/janovas.unizar.es\/sideral\/CV\/ana-felicitas-gargallo-castel\" target=\"blank\">Ana F. Gargallo Castel<\/a><\/p>\n<p class=\"equipo-cargo\">Profesora Titular, Universidad de Zaragoza<\/p>\n<\/div>\n<div class=\"equipo-miembro\">\n<p><a href=\"https:\/\/janovas.unizar.es\/sideral\/CV\/francisco-javier-perez-sanz\" target=\"blank\"><img decoding=\"async\" src=\"http:\/\/extestat.es\/pruebas\/wp-content\/uploads\/equipo_f-perez.jpg\" alt=\"Francisco Javier P\u00e9rez Sanz\" \/><\/a><\/p>\n<p class=\"equipo-nombre\"><a href=\"https:\/\/janovas.unizar.es\/sideral\/CV\/francisco-javier-perez-sanz\" target=\"blank\">Francisco Javier P\u00e9rez Sanz<\/a><\/p>\n<p class=\"equipo-cargo\">Profesor Titular de Escuela, Universidad de Zaragoza<\/p>\n<\/div>\n<div class=\"equipo-miembro\">\n<p><a href=\"https:\/\/aplicaciones.aragon.es\/organigrama-gobierno-aragon\/Organismo2Servlet?idEntidad=4061\" target=\"blank\"><img decoding=\"async\" src=\"http:\/\/extestat.es\/pruebas\/wp-content\/uploads\/equipo_a-peris.jpg\" alt=\"Alfredo Peris Beamonte\" \/><\/a><\/p>\n<p class=\"equipo-nombre\"><a href=\"https:\/\/aplicaciones.aragon.es\/organigrama-gobierno-aragon\/Organismo2Servlet?idEntidad=4061\" target=\"blank\">Alfredo Peris Beamonte<\/a><\/p>\n<p class=\"equipo-cargo\">Director del Instituto Aragon\u00e9s de Estad\u00edstica, Gobierno de Arag\u00f3n<\/p>\n<\/div>\n<div class=\"equipo-miembro\">\n<p><a href=\"http:\/\/extestat.es\/pruebas\/proyecto\/equipo-humano\/alberto-sanchez-suarez\/\" target=\"blank\"><img decoding=\"async\" src=\"http:\/\/extestat.es\/pruebas\/wp-content\/uploads\/equipo_a-sanchez.jpg\" alt=\"Alberto S\u00e1nchez Suarez\" \/><\/a><\/p>\n<p class=\"equipo-nombre especial\"><a href=\"http:\/\/extestat.es\/pruebas\/proyecto\/equipo-humano\/alberto-sanchez-suarez\/\" target=\"blank\">Alberto S\u00e1nchez Su\u00e1rez<\/a><\/p>\n<p class=\"equipo-cargo\">Investigador. C\u00e1tedra de Econom\u00eda Social y Cooperativas, Universidad de Zaragoza<\/p>\n<\/div>\n<div class=\"equipo-miembro\">\n<p><a href=\"https:\/\/aplicaciones.aragon.es\/organigrama-gobierno-aragon\/Organismo2Servlet?idEntidad=4063\" target=\"blank\"><img decoding=\"async\" src=\"http:\/\/extestat.es\/pruebas\/wp-content\/uploads\/equipo_a-sanz.jpg\" alt=\"Ana M\u00aa Sanz Campos\" \/><\/a><\/p>\n<p class=\"equipo-nombre especial2\"><a href=\"https:\/\/aplicaciones.aragon.es\/organigrama-gobierno-aragon\/Organismo2Servlet?idEntidad=4063\" target=\"blank\">Ana M\u00aa Sanz Campos<\/a><\/p>\n<p class=\"equipo-cargo\">Directora General de PYMES y Aut\u00f3nomos. Departamento de Presidencia, Econom\u00eda y Justicia, Gobierno de Arag\u00f3n<\/p>\n<\/div>\n<div class=\"equipo-miembro\">\n<p><a href=\"https:\/\/sideral.unizar.es\/sideral\/CV\/maria-isabel-saz-gil\" target=\"blank\"><img decoding=\"async\" src=\"http:\/\/extestat.es\/pruebas\/wp-content\/uploads\/equipo_i-saz.jpg\" alt=\"Isabel Saz Gil\" \/><\/a><\/p>\n<p class=\"equipo-nombre\"><a href=\"https:\/\/sideral.unizar.es\/sideral\/CV\/maria-isabel-saz-gil\" target=\"blank\">Isabel Saz Gil<\/a><\/p>\n<p class=\"equipo-cargo\">Profesora Titular, Universidad de Zaragoza<\/p>\n<\/div>\n<div class=\"equipo-miembro\">\n<p><a href=\"https:\/\/economiasocialaragon.es\/nosotros\/junta-directiva\/\" target=\"blank\"><img decoding=\"async\" src=\"http:\/\/extestat.es\/pruebas\/wp-content\/uploads\/equipo_a-serrano.jpg\" alt=\"Adri\u00e1n Serrano Villuendas\" \/><\/a><\/p>\n<p class=\"equipo-nombre especial2\"><a href=\"https:\/\/economiasocialaragon.es\/nosotros\/junta-directiva\/\" target=\"blank\">Adri\u00e1n Serrano Villuendas<\/a><\/p>\n<p class=\"equipo-cargo\">Presidente de Econom\u00eda Social Arag\u00f3n. Red Aragonesa de Entidades Sociales para la Inclusi\u00f3n<\/p>\n<\/div>\n<div class=\"equipo-miembro\">\n<p><a href=\"https:\/\/ciriecstat.com\/proyecto\/equipo-humano\/angel-soler-guillen\/\" target=\"blank\"><img decoding=\"async\" src=\"http:\/\/extestat.es\/pruebas\/wp-content\/uploads\/equipo_a-soler.jpg\" alt=\"\u00c1ngel Soler Guill\u00e9n\" \/><\/a><\/p>\n<p class=\"equipo-nombre\"><a href=\"https:\/\/ciriecstat.com\/proyecto\/equipo-humano\/angel-soler-guillen\/\" target=\"blank\">\u00c1ngel Soler Guill\u00e9n<\/a><\/p>\n<p class=\"equipo-cargo\">Director CIRIECSTAT, CIRIEC-Espa\u00f1a. Universitat de Val\u00e8ncia<\/p>\n<\/div>\n<\/div>\n","protected":false},"excerpt":{"rendered":"<p>Directores Carmen Marcuello Serv\u00f3s Directora C\u00e1tedra Econom\u00eda Social y Cooperativas. Catedr\u00e1tica, Universidad de Zaragoza Mill\u00e1n D\u00edaz Foncea Profesor Titular, Universidad de Zaragoza Consejo Cient\u00edfico y Asesor Cristina Bernad Morcate Profesora Contratada Doctor, Universidad de Zaragoza Ana Blanch ARACOOP-Federaci\u00f3n de Cooperativas de Trabajo y Consumo de Arag\u00f3n Natalia Dejo Orica\u00edn Profesora Titular, Universidad de Zaragoza Ana<\/p>\n","protected":false},"author":5,"featured_media":0,"parent":6,"menu_order":0,"comment_status":"closed","ping_status":"closed","template":"","meta":{"_acf_changed":false,"site-sidebar-layout":"default","site-content-layout":"default","ast-site-content-layout":"default","site-content-style":"default","site-sidebar-style":"default","ast-global-header-display":"","ast-banner-title-visibility":"","ast-main-header-display":"","ast-hfb-above-header-display":"","ast-hfb-below-header-display":"","ast-hfb-mobile-header-display":"","site-post-title":"","ast-breadcrumbs-content":"","ast-featured-img":"","footer-sml-layout":"","ast-disable-related-posts":"","theme-transparent-header-meta":"default","adv-header-id-meta":"","stick-header-meta":"","header-above-stick-meta":"","header-main-stick-meta":"","header-below-stick-meta":"","astra-migrate-meta-layouts":"set","ast-page-background-enabled":"default","ast-page-background-meta":{"desktop":{"background-color":"var(--ast-global-color-4)","background-image":"","background-repeat":"repeat","background-position":"center center","background-size":"auto","background-attachment":"scroll","background-type":"","background-media":"","overlay-type":"","overlay-color":"","overlay-opacity":"","overlay-gradient":""},"tablet":{"background-color":"","background-image":"","background-repeat":"repeat","background-position":"center center","background-size":"auto","background-attachment":"scroll","background-type":"","background-media":"","overlay-type":"","overlay-color":"","overlay-opacity":"","overlay-gradient":""},"mobile":{"background-color":"","background-image":"","background-repeat":"repeat","background-position":"center center","background-size":"auto","background-attachment":"scroll","background-type":"","background-media":"","overlay-type":"","overlay-color":"","overlay-opacity":"","overlay-gradient":""}},"ast-content-background-meta":{"desktop":{"background-color":"var(--ast-global-color-5)","background-image":"","background-repeat":"repeat","background-position":"center center","background-size":"auto","background-attachment":"scroll","background-type":"","background-media":"","overlay-type":"","overlay-color":"","overlay-opacity":"","overlay-gradient":""},"tablet":{"background-color":"var(--ast-global-color-5)","background-image":"","background-repeat":"repeat","background-position":"center center","background-size":"auto","background-attachment":"scroll","background-type":"","background-media":"","overlay-type":"","overlay-color":"","overlay-opacity":"","overlay-gradient":""},"mobile":{"background-color":"var(--ast-global-color-5)","background-image":"","background-repeat":"repeat","background-position":"center center","background-size":"auto","background-attachment":"scroll","background-type":"","background-media":"","overlay-type":"","overlay-color":"","overlay-opacity":"","overlay-gradient":""}},"footnotes":""},"class_list":["post-222","page","type-page","status-publish","hentry"],"acf":[],"_links":{"self":[{"href":"https:\/\/extestat.es\/pruebas\/wp-json\/wp\/v2\/pages\/222","targetHints":{"allow":["GET"]}}],"collection":[{"href":"https:\/\/extestat.es\/pruebas\/wp-json\/wp\/v2\/pages"}],"about":[{"href":"https:\/\/extestat.es\/pruebas\/wp-json\/wp\/v2\/types\/page"}],"author":[{"embeddable":true,"href":"https:\/\/extestat.es\/pruebas\/wp-json\/wp\/v2\/users\/5"}],"replies":[{"embeddable":true,"href":"https:\/\/extestat.es\/pruebas\/wp-json\/wp\/v2\/comments?post=222"}],"version-history":[{"count":76,"href":"https:\/\/extestat.es\/pruebas\/wp-json\/wp\/v2\/pages\/222\/revisions"}],"predecessor-version":[{"id":22047,"href":"https:\/\/extestat.es\/pruebas\/wp-json\/wp\/v2\/pages\/222\/revisions\/22047"}],"up":[{"embeddable":true,"href":"https:\/\/extestat.es\/pruebas\/wp-json\/wp\/v2\/pages\/6"}],"wp:attachment":[{"href":"https:\/\/extestat.es\/pruebas\/wp-json\/wp\/v2\/media?parent=222"}],"curies":[{"name":"wp","href":"https:\/\/api.w.org\/{rel}","templated":true}]}}