{"id":226,"date":"2022-09-06T11:44:40","date_gmt":"2022-09-06T09:44:40","guid":{"rendered":"http:\/\/extestat.es\/pruebas\/?page_id=226"},"modified":"2026-04-20T10:27:54","modified_gmt":"2026-04-20T08:27:54","slug":"metodologia","status":"publish","type":"page","link":"https:\/\/extestat.es\/pruebas\/proyecto\/metodologia\/","title":{"rendered":"Metodolog\u00eda"},"content":{"rendered":"<div id=\"metodologia\">\n<h2>1. Introducci\u00f3n<\/h2>\n<p>El <strong>Plan de Acci\u00f3n Europeo de la Econom\u00eda Social (09\/12\/2021)<\/strong> de la Comisi\u00f3n Europea establece como uno de sus objetivos clave <strong>mejorar el reconocimiento de la Econom\u00eda Social y su potencial<\/strong> y, para ello, propone aumentar su visibilidad mediante la <strong>recopilaci\u00f3n de datos y estad\u00edsticas adecuadas<\/strong>, objetivo que el propio Plan considera \u201cfundamental para su reconocimiento y desarrollo\u201d. El propio Plan subraya que <strong>\u201clos datos existentes sobre la Econom\u00eda Social son a menudo escasos, incompletos y dif\u00edciles de comparar\u201d<\/strong>.<\/p>\n<p>Esta realidad estad\u00edstica insatisfactoria en el \u00e1mbito europeo tambi\u00e9n es reconocible en el caso de <strong>Espa\u00f1a<\/strong>, aunque para algunas empresas productoras de mercado de la Econom\u00eda Social existe informaci\u00f3n laboral disponible en las webs oficiales del <strong>Ministerio de Trabajo y Econom\u00eda Social<\/strong>.<\/p>\n<p>Las <strong>pol\u00edticas de fomento de la Econom\u00eda Social<\/strong> requieren una mayor profundidad en t\u00e9rminos cuantitativos y cualitativos de las estad\u00edsticas oficiales disponibles. Resulta muy complejo, y probablemente impreciso, tratar de fomentar una actividad econ\u00f3mica de la que solo se conoce de manera aproximada la importancia relativa que posee en un determinado contexto, su evoluci\u00f3n a lo largo del tiempo o los factores que influyen en dicha evoluci\u00f3n, entre otras consideraciones.<\/p>\n<p>La <strong>cuantificaci\u00f3n de un concepto o de un sector social<\/strong> implica un ejercicio previo de reflexi\u00f3n acerca de aquello que se pretende medir. Supone una enumeraci\u00f3n de las facetas o caracter\u00edsticas que posee lo que se pretende cuantificar, as\u00ed como la elecci\u00f3n de un m\u00e9todo estandarizado que permita la medici\u00f3n con ciertas garant\u00edas de calidad. En la ciencia econ\u00f3mica esta aproximaci\u00f3n tiene especial relevancia. En la actualidad, es indiscutible que la implementaci\u00f3n de las <strong>pol\u00edticas p\u00fablicas<\/strong> requiere informaci\u00f3n sobre aquellas magnitudes sobre las que se pretende influir de alg\u00fan modo.<\/p>\n<p>La <strong>Econom\u00eda Social<\/strong>, compuesta por diversos tipos de entidades tanto de mercado como de no mercado, cada una de ellas con su propia normativa jur\u00eddica, necesita un <strong>marco estad\u00edstico global<\/strong> que re\u00fana las caracter\u00edsticas de ser <strong>oficial, integral, fiable, regular, actualizado y comparable<\/strong> con el resto de actividades econ\u00f3micas: desde las de car\u00e1cter p\u00fablico hasta las del trabajo aut\u00f3nomo, las peque\u00f1as y medianas empresas y las grandes empresas. Solo disponiendo de un marco estad\u00edstico de este tipo es posible evaluar en profundidad las aportaciones de la Econom\u00eda Social al <strong>bienestar, la riqueza, la renta, el empleo, la igualdad de g\u00e9nero, la distribuci\u00f3n equitativa de la renta, la atenci\u00f3n a las personas m\u00e1s desfavorecidas, su contribuci\u00f3n frente a la exclusi\u00f3n social o los objetivos de desarrollo sostenible<\/strong>, entre otros aspectos. Asimismo, \u00fanicamente con una adecuada provisi\u00f3n de <strong>indicadores de funcionamiento<\/strong> es posible evaluar de manera precisa los costes y beneficios sociales de las pol\u00edticas de promoci\u00f3n de la Econom\u00eda Social.<\/p>\n<p>En la actualidad, la informaci\u00f3n disponible sobre la Econom\u00eda Social se encuentra, en cierto modo, <strong>dispersa<\/strong>. Encontramos informaci\u00f3n alojada en webs oficiales como la del <strong>Ministerio de Trabajo y Econom\u00eda Social<\/strong>, en publicaciones como el <strong>Anuario de Estad\u00edsticas del Ministerio<\/strong> o en el apartado de <strong>principales series<\/strong>, entre otros; en trabajos realizados por especialistas e investigadores de diversas instituciones; en publicaciones, libros y art\u00edculos elaborados por <strong>CIRIEC Espa\u00f1a y CIRIEC Internacional<\/strong>; en la web de la <strong>Confederaci\u00f3n Empresarial Espa\u00f1ola de la Econom\u00eda Social (CEPES)<\/strong>; en webs de entidades singulares; en informes y art\u00edculos no digitalizados ni disponibles a trav\u00e9s de Internet; as\u00ed como en un largo etc\u00e9tera.<\/p>\n<p>Una de las funciones que tiene <strong>EXTESTAT<\/strong> es desarrollar una <strong>actividad integradora de la informaci\u00f3n estad\u00edstica disponible en las diferentes fuentes de informaci\u00f3n exploradas<\/strong>, est\u00e9n digitalizadas o no, con el objetivo de que el usuario de las estad\u00edsticas de la Econom\u00eda Social, independientemente de su perfil acad\u00e9mico o profesional, acuda a esta web como <strong>fuente principal para la obtenci\u00f3n de toda la informaci\u00f3n relevante<\/strong>.<\/p>\n<h2>2. Estructura del Portal Estad\u00edstico<\/h2>\n<p>En la estructura de <strong>EXTESTAT<\/strong> se distinguen tres grandes \u00e1reas: <strong>proyecto, datos y publicaciones<\/strong>, reflejadas en el encabezado de la web, adem\u00e1s de la difusi\u00f3n de noticias y \u00faltimos datos de la Econom\u00eda Social en el apartado <strong>\u201cInicio\u201d<\/strong>.<\/p>\n<h3>2.1 Proyecto<\/h3>\n<p>Bajo el t\u00edtulo <strong>\u201cProyecto\u201d<\/strong> se encuentra una <strong>presentaci\u00f3n institucional<\/strong> que detalla y profundiza en la necesidad de que exista un portal estad\u00edstico de la Econom\u00eda Social.<\/p>\n<p>A continuaci\u00f3n se presenta el <strong>equipo humano que desarroll\u00f3 CIRIECSTAT<\/strong>, esta metodolog\u00eda y un <strong>glosario de conceptos<\/strong>. El glosario tiene como objetivo definir los principales conceptos que van a ser utilizados en este portal estad\u00edstico.<\/p>\n<h3>2.2 Datos<\/h3>\n<p>El \u00e1rea <strong>\u201cDatos\u201d<\/strong> se divide en dos grandes conjuntos:<\/p>\n<p><strong>Econom\u00eda Social de mercado<\/strong>, integrada por los productores de mercado de la Econom\u00eda Social cuyo destino principal es la <strong>venta en el mercado a precios econ\u00f3micamente significativos<\/strong>, entendiendo como tales cuando las ventas de la producci\u00f3n <strong>cubren al menos el 50% de los costes de producci\u00f3n<\/strong>.<\/p>\n<p><strong>Econom\u00eda Social no de mercado<\/strong>, formada por entidades no lucrativas de la Econom\u00eda Social cuya producci\u00f3n se proporciona a los hogares <strong>de forma gratuita o a precios econ\u00f3micamente no significativos<\/strong>, de modo que si las ventas cubren <strong>menos del 50% de los costes de producci\u00f3n<\/strong>, la unidad institucional se clasifica en el <strong>sector ISFLSH o en el sector Administraciones P\u00fablicas<\/strong>.<\/p>\n<p>As\u00ed pues, el <strong>\u00e1mbito de observaci\u00f3n del portal estad\u00edstico<\/strong> est\u00e1 formado por los diferentes agentes que integran la Econom\u00eda Social, de conformidad con:<\/p>\n<ul>\n<li>la <strong>Ley 5\/2011, de 29 de marzo, de Econom\u00eda Social<\/strong>,<\/li>\n<li>el <strong>Plan de Acci\u00f3n Europeo de la Econom\u00eda Social de la Comisi\u00f3n Europea<\/strong>,<\/li>\n<li>el <strong>Comit\u00e9 Econ\u00f3mico y Social Europeo<\/strong>,<\/li>\n<li>la organizaci\u00f3n europea representativa de la Econom\u00eda Social <strong>Social Economy Europe (SEE)<\/strong><\/li>\n<li>y la literatura cient\u00edfica.<\/li>\n<\/ul>\n<p>Todo ello sin perjuicio de otorgar una <strong>atenci\u00f3n preferente a las empresas y entidades de la Econom\u00eda Social incluidas en la tabla adjunta<\/strong>, que constituyen el n\u00facleo m\u00e1s inequ\u00edvoco de la Econom\u00eda Social.<\/p>\n<h4>2.2.1 Econom\u00eda Social de mercado<\/h4>\n<p>Las entidades de la Econom\u00eda Social de mercado de las que inicialmente se recoger\u00e1 informaci\u00f3n estad\u00edstica son:<\/p>\n<ul>\n<li>cooperativas<\/li>\n<li>sociedades laborales<\/li>\n<li>mutualidades<\/li>\n<li>centros especiales de empleo<\/li>\n<li>empresas de inserci\u00f3n<\/li>\n<li>sociedades agrarias de transformaci\u00f3n<\/li>\n<li>cofrad\u00edas de pescadores<\/li>\n<\/ul>\n<p>La informaci\u00f3n estad\u00edstica de estas entidades se tabula en funci\u00f3n de una serie de <strong>variables de clasificaci\u00f3n<\/strong>, como son:<\/p>\n<ol>\n<li><strong>a) Tipolog\u00eda de entidad:<\/strong> n\u00famero de entidades, n\u00famero de socios, n\u00famero de trabajadores y volumen de facturaci\u00f3n o ventas.<\/li>\n<li><strong>b) Zona geogr\u00e1fica:<\/strong> la comunidad aut\u00f3noma de Extremadura y sus provincias, cuando existe informaci\u00f3n disponible.<\/li>\n<li><strong>c) Per\u00edodo temporal:<\/strong> se intenta obtener la serie temporal m\u00e1s amplia y actual posible.<\/li>\n<\/ol>\n<h4>2.2.2 Econom\u00eda Social no de mercado<\/h4>\n<p>Las entidades de la Econom\u00eda Social no de mercado no aparecen de momento en <strong>EXTESTAT. <\/strong>Se prev\u00e9 que en el futuro puedan incoporarse.<\/p>\n<h3><strong>2.3 Publicaciones<\/strong><\/h3>\n<p>En el \u00e1rea <strong>\u201cPublicaciones\u201d<\/strong> se recogen los estudios realizados por la <strong>C\u00e1tedra de Econom\u00eda Social y Cooperativismo (CESYC)<\/strong>de la Universidad de Extremadura, y por otras entidades, como <strong>CIRIEC-Espa\u00f1a<\/strong>.<\/p>\n<h2>3. Fuentes de informaci\u00f3n<\/h2>\n<p>Las fuentes de informaci\u00f3n m\u00e1s relevantes y numerosas en <strong>EXTESTAT<\/strong> son las <strong>oficiales<\/strong>.<\/p>\n<p>De este modo, el <strong>Ministerio de Trabajo y Econom\u00eda Social<\/strong> se convierte en una fuente primaria de informaci\u00f3n, a pesar de que en los \u00faltimos a\u00f1os ha dejado de actualizar algunas series estad\u00edsticas que tradicionalmente elaboraba, como las referidas a <strong>trabajadores<\/strong>.<\/p>\n<p>Otras fuentes oficiales de gran relevancia para la Econom\u00eda Social son las procedentes de:<\/p>\n<ul>\n<li>la <strong>Agencia Estatal de Administraci\u00f3n Tributaria<\/strong><\/li>\n<li>las <strong>Consejer\u00edas competencias en Econom\u00eda Social de la Junta de Extremadura.<\/strong><\/li>\n<\/ul>\n<p>No obstante, los datos estad\u00edsticos de entidades de reconocido prestigio relacionadas con la Econom\u00eda Social tambi\u00e9n tienen cabida en <strong>EXTESTAT<\/strong>, como el portal estad\u00edstico <strong>CIRIECSTAT<\/strong>.<\/p>\n<p>La lista completa de fuentes de informaci\u00f3n que alimentan EXTESTAT es la siguiente:<\/p>\n<ul>\n<li>Ministerio de Trabajo y Econom\u00eda Social<\/li>\n<li>Ministerio de Inclusi\u00f3n, Seguridad Social y Migraciones<\/li>\n<li>Ministerio de Derechos Sociales y Agenda 2030<\/li>\n<li>Ministerio de Agricultura, Pesca y Alimentaci\u00f3n<\/li>\n<li>Ministerio del Interior<\/li>\n<li>Departamentos oficiales: Agencia Estatal de Administraci\u00f3n Tributaria, Instituto de Estudios Fiscales, Servicio P\u00fablico de Empleo Estatal<\/li>\n<li>Consejer\u00eda de Agricultura, Ganader\u00eda y Desarrollo Sostenible.<\/li>\n<li>Consejer\u00eda de Econom\u00eda, Trabajo y Transformaci\u00f3n Digital.<\/li>\n<li>Instituto Nacional de Estad\u00edstica<\/li>\n<li>Instituto Extreme\u00f1o de Estad\u00edstica<\/li>\n<li>Banco de Espa\u00f1a<\/li>\n<li>Registros y bases de datos de entidades representativas de la Econom\u00eda Social, CEPES y sus entidades asociadas; Uni\u00f3n Nacional de Cooperativas de Cr\u00e9dito.<\/li>\n<li>Memorias, balances y cuentas de resultados de empresas y grupos empresariales.<\/li>\n<li>C\u00e1tedra de Econom\u00eda Social y Cooperativismo (CESYC) de la Universidad de Extremadura, Centro de Documentaci\u00f3n (CIDEC) del Instituto Universitario de Econom\u00eda Social, Cooperativismo y Emprendimiento (IUDESCOOP) de la Universitat de Valencia y otros institutos y centros universitarios de la Red ENUIES<\/li>\n<\/ul>\n<h2>4. Per\u00edodo y frecuencia de los datos<\/h2>\n<p>El per\u00edodo temporal que se pretende cubrir en <strong>EXTESTAT<\/strong> es <strong>lo m\u00e1s amplio posible<\/strong>, recurriendo no solo a datos disponibles en internet, sino tambi\u00e9n a aquellos que estuvieron disponibles en el pasado y posteriormente fueron retirados.<\/p>\n<p>Tambi\u00e9n se han utilizado datos publicados en <strong>CIRIECSTAT<\/strong>, especialmente en su apartado de <strong>series estad\u00edsticas<\/strong>.<\/p>\n<p>La mayor parte de la informaci\u00f3n estad\u00edstica contenida en <strong>EXTESTAT se actualiza anualmente<\/strong>.<\/p>\n<p>Las variables monetarias de la base de datos se presentan en <strong>euros o miles de euros corrientes (euros de cada a\u00f1o)<\/strong>.<\/p>\n<p>Los datos se ofrecen en <strong>formato Excel o PDF<\/strong>.<\/p>\n<h2>5. Cobertura geogr\u00e1fica<\/h2>\n<p>Los datos corresponden a la <strong>Comunidad Aut\u00f3noma de Extremadura<\/strong> y se presentan <strong>a nivel provincial cuando la fuente consultada lo permite<\/strong>.<\/p>\n<\/div>\n","protected":false},"excerpt":{"rendered":"<p>1. Introducci\u00f3n El Plan de Acci\u00f3n Europeo de la Econom\u00eda Social (09\/12\/2021) de la Comisi\u00f3n Europea establece como uno de sus objetivos clave mejorar el reconocimiento de la Econom\u00eda Social y su potencial y, para ello, propone aumentar su visibilidad mediante la recopilaci\u00f3n de datos y estad\u00edsticas adecuadas, objetivo que el propio Plan considera \u201cfundamental<\/p>\n","protected":false},"author":5,"featured_media":0,"parent":6,"menu_order":0,"comment_status":"closed","ping_status":"closed","template":"","meta":{"_acf_changed":false,"site-sidebar-layout":"default","site-content-layout":"default","ast-site-content-layout":"default","site-content-style":"default","site-sidebar-style":"default","ast-global-header-display":"","ast-banner-title-visibility":"","ast-main-header-display":"","ast-hfb-above-header-display":"","ast-hfb-below-header-display":"","ast-hfb-mobile-header-display":"","site-post-title":"","ast-breadcrumbs-content":"","ast-featured-img":"","footer-sml-layout":"","ast-disable-related-posts":"","theme-transparent-header-meta":"default","adv-header-id-meta":"","stick-header-meta":"","header-above-stick-meta":"","header-main-stick-meta":"","header-below-stick-meta":"","astra-migrate-meta-layouts":"set","ast-page-background-enabled":"default","ast-page-background-meta":{"desktop":{"background-color":"var(--ast-global-color-4)","background-image":"","background-repeat":"repeat","background-position":"center center","background-size":"auto","background-attachment":"scroll","background-type":"","background-media":"","overlay-type":"","overlay-color":"","overlay-opacity":"","overlay-gradient":""},"tablet":{"background-color":"","background-image":"","background-repeat":"repeat","background-position":"center center","background-size":"auto","background-attachment":"scroll","background-type":"","background-media":"","overlay-type":"","overlay-color":"","overlay-opacity":"","overlay-gradient":""},"mobile":{"background-color":"","background-image":"","background-repeat":"repeat","background-position":"center center","background-size":"auto","background-attachment":"scroll","background-type":"","background-media":"","overlay-type":"","overlay-color":"","overlay-opacity":"","overlay-gradient":""}},"ast-content-background-meta":{"desktop":{"background-color":"var(--ast-global-color-5)","background-image":"","background-repeat":"repeat","background-position":"center center","background-size":"auto","background-attachment":"scroll","background-type":"","background-media":"","overlay-type":"","overlay-color":"","overlay-opacity":"","overlay-gradient":""},"tablet":{"background-color":"var(--ast-global-color-5)","background-image":"","background-repeat":"repeat","background-position":"center center","background-size":"auto","background-attachment":"scroll","background-type":"","background-media":"","overlay-type":"","overlay-color":"","overlay-opacity":"","overlay-gradient":""},"mobile":{"background-color":"var(--ast-global-color-5)","background-image":"","background-repeat":"repeat","background-position":"center center","background-size":"auto","background-attachment":"scroll","background-type":"","background-media":"","overlay-type":"","overlay-color":"","overlay-opacity":"","overlay-gradient":""}},"footnotes":""},"class_list":["post-226","page","type-page","status-publish","hentry"],"acf":[],"_links":{"self":[{"href":"https:\/\/extestat.es\/pruebas\/wp-json\/wp\/v2\/pages\/226","targetHints":{"allow":["GET"]}}],"collection":[{"href":"https:\/\/extestat.es\/pruebas\/wp-json\/wp\/v2\/pages"}],"about":[{"href":"https:\/\/extestat.es\/pruebas\/wp-json\/wp\/v2\/types\/page"}],"author":[{"embeddable":true,"href":"https:\/\/extestat.es\/pruebas\/wp-json\/wp\/v2\/users\/5"}],"replies":[{"embeddable":true,"href":"https:\/\/extestat.es\/pruebas\/wp-json\/wp\/v2\/comments?post=226"}],"version-history":[{"count":29,"href":"https:\/\/extestat.es\/pruebas\/wp-json\/wp\/v2\/pages\/226\/revisions"}],"predecessor-version":[{"id":22105,"href":"https:\/\/extestat.es\/pruebas\/wp-json\/wp\/v2\/pages\/226\/revisions\/22105"}],"up":[{"embeddable":true,"href":"https:\/\/extestat.es\/pruebas\/wp-json\/wp\/v2\/pages\/6"}],"wp:attachment":[{"href":"https:\/\/extestat.es\/pruebas\/wp-json\/wp\/v2\/media?parent=226"}],"curies":[{"name":"wp","href":"https:\/\/api.w.org\/{rel}","templated":true}]}}